{"id":109,"date":"2017-05-06T13:06:46","date_gmt":"2017-05-06T10:06:46","guid":{"rendered":"http:\/\/www.serdaroztop.com\/?page_id=109"},"modified":"2021-03-27T00:39:04","modified_gmt":"2021-03-26T21:39:04","slug":"solo-albums","status":"publish","type":"page","link":"https:\/\/www.serdaroztop.com\/en\/albumler\/solo-albums\/","title":{"rendered":"Solo Albums &#038; Singles"},"content":{"rendered":"\n<h2 class=\"wp-block-heading\"><strong>Little Wing<\/strong><\/h2>\n\n\n\n<p style=\"text-align:right\">2019<\/p>\n\n\n\n<div class=\"wp-block-image\"><figure class=\"aligncenter is-resized\"><img loading=\"lazy\" decoding=\"async\" src=\"http:\/\/www.serdaroztop.com\/wp-content\/uploads\/IMG_20191227_144156_552-1024x1024.jpg\" alt=\"\" class=\"wp-image-1072\" width=\"377\" height=\"377\" srcset=\"https:\/\/www.serdaroztop.com\/wp-content\/uploads\/IMG_20191227_144156_552-1024x1024.jpg 1024w, https:\/\/www.serdaroztop.com\/wp-content\/uploads\/IMG_20191227_144156_552-150x150.jpg 150w, https:\/\/www.serdaroztop.com\/wp-content\/uploads\/IMG_20191227_144156_552-300x300.jpg 300w, https:\/\/www.serdaroztop.com\/wp-content\/uploads\/IMG_20191227_144156_552-768x768.jpg 768w, https:\/\/www.serdaroztop.com\/wp-content\/uploads\/IMG_20191227_144156_552.jpg 1600w\" sizes=\"auto, (max-width: 377px) 100vw, 377px\" \/><\/figure><\/div>\n\n\n\n<p>We used to play this iconic piece of the legendary guitarist Jimi Hendrix on stage in 90&#8217;s with my band Indians when we used to burn the stage at Kemanci Rock Bar.  Various versions came out thru the years. This one is a rendition that I finalized performing all instruments and vocals as well as all studio work from recording to mastering on my own.<\/p>\n\n\n\n<h2 class=\"wp-block-heading\"> <strong>Mutlulu\u011fun G\u00f6zya\u015flar\u0131<\/strong> <\/h2>\n\n\n\n<p style=\"text-align:right\"> 2005<\/p>\n\n\n\n<div class=\"wp-block-image\"><figure class=\"aligncenter is-resized\"><a href=\"https:\/\/open.spotify.com\/album\/47Vlvufow093MIWDwdHYK5\" target=\"_blank\" rel=\"noreferrer noopener\"><img loading=\"lazy\" decoding=\"async\" src=\"http:\/\/serdaroztop.com\/wp-content\/uploads\/SO_MG.gif\" alt=\"\" width=\"371\" height=\"394\"\/><\/a><\/figure><\/div>\n\n\n\n<p>My second solo album consisting of Turkish music flavored instrumental and vocal tunes accompanied by a selection of best drummers and bassists of Turkey.<\/p>\n\n\n\n<p><strong>Track List <\/strong><\/p>\n\n\n\n<p>1- G\u00fcne\u015f Do\u011fudan Y\u00fckselir<br>2 &#8211; Kaytan<br>3 &#8211; Yalan<br>4 &#8211; Mutlulu\u011fun G\u00f6zya\u015flar\u0131<br>5 &#8211; D\u00fcnya<br>6 &#8211; Haylaz<br>7 &#8211; Sensiz Olmuyor<br>8 &#8211; G\u00fcnebakan<br>9 &#8211; Hasret<br>10- Longa &#038; Sirto Medley<\/p>\n\n\n\n<p><strong>Bas\u0131n B\u00fclteni<\/strong><\/p>\n\n\n\n<p>2002 y\u0131l\u0131nda, T\u00fcrkiye\u2019nin ilk enstr\u00fcmantal rock gitar alb\u00fcm\u00fc olan <strong>\u201cS\u00fckut\u201d<\/strong>u \u00e7\u0131kartan <strong>Serdar \u00d6ZTOP<\/strong>, yeni alb\u00fcm\u00fc <strong>\u201cMutlulu\u011fun<\/strong> <strong>G\u00f6zya\u015flar\u0131\u201d<\/strong> ile yeniden dinleyicisiyle bulu\u015fuyor. Alb\u00fcm\u00fcn yine bir <strong>ilk<\/strong> niteli\u011findeki en b\u00fcy\u00fck s\u00fcrprizi, <strong>Serdar \u00d6ZTOP\u2019<\/strong>un T\u00fcrkiye\u2019nin \u00f6nde gelen m\u00fczisyenleri olan dostlar\u0131n\u0131n kat\u0131l\u0131m\u0131yla her par\u00e7ada farkl\u0131 basc\u0131 ve davulcuyla \u00e7al\u0131\u015fm\u0131\u015f olmas\u0131. Buna bir de yayl\u0131, \u00fcflemeli ve vurmal\u0131 \u00e7alg\u0131 ustalar\u0131n\u0131n da performans\u0131 eklenince <strong>\u201cMutlulu\u011fun G\u00f6zya\u015flar\u0131\u201d<\/strong>, m\u00fczikseverlerin T\u00fcrkiye\u2019nin \u00f6nde gelen m\u00fczisyenlerini birarada dinleyebilece\u011fi bir alb\u00fcm olarak bile gerekli ilgiyi hakediyor. <strong>Serdar \u00d6ZTOP\u2019<\/strong>un s\u00f6z\u00fc ve m\u00fczi\u011fi kendisine ait olan eserlerini ilk kez bu alb\u00fcmde seslendirerek, duygu ve d\u00fc\u015f\u00fcncelerini kendi vokal tarz\u0131yla dile getirme yolunda bir ba\u015flang\u0131\u00e7 yapm\u0131\u015f olmas\u0131 ise alb\u00fcm\u00fcn di\u011fer s\u00fcrprizi.<\/p>\n\n\n\n<p>\u00c7e\u015fitli sanat\u00e7\u0131 ve grupla y\u0131llard\u0131r s\u00fcregelen \u00e7al\u0131\u015fmalar\u0131 s\u0131ras\u0131nda edindi\u011fi deneyimi yurtd\u0131\u015f\u0131nda da takdir toplayan ilk alb\u00fcm\u00fcnden edindi\u011fi tecr\u00fcbeyle peki\u015ftiren sanat\u00e7\u0131, yurdumuzun m\u00fczikal \u00e7e\u015fitlili\u011fini gitar \u00e7alma tarz\u0131yla harmanlayarak renkli, dinamik, melodik ve herzamanki gibi kendini notalarla ifade etme \u00e7abas\u0131nda olan bir \u00e7al\u0131\u015fma sunuyor. <strong>\u201cMutlulu\u011fun G\u00f6zya\u015flar\u0131\u201d,<\/strong> i\u00e7erdi\u011fi m\u00fczikal zenginli\u011fin yan\u0131s\u0131ra sanat\u00e7\u0131n\u0131n tarz\u0131nda zaten varolan T\u00fcrk gitarist kimli\u011fini iyiden iyiye \u00f6n plana \u00e7\u0131kartmas\u0131yla olu\u015fan teknik farkl\u0131l\u0131k sayesinde, d\u00fcnya \u00e7ap\u0131nda yap\u0131lan gitar alb\u00fcmleri aras\u0131nda kendine \u00f6zel bir yer edinmeyi hedefliyor.<\/p>\n\n\n\n<p>Alb\u00fcmde \u201cmedley\u201d olarak yeralan T\u00fcrk M\u00fczi\u011fi\u2019nin unutulmaz longa ve sirtolar\u0131n\u0131n m\u00fczikleri haricinde t\u00fcm s\u00f6z, m\u00fczik, d\u00fczenleme, kay\u0131t, edit, mix ve mastering\u2019in <strong>Serdar \u00d6ZTOP<\/strong> taraf\u0131ndan yap\u0131ld\u0131\u011f\u0131 alb\u00fcmde davullarda; <strong>Volkan \u00d6KTEM<\/strong>,<strong> Cengiz BAYSAL<\/strong>, <strong>Burak G\u00dcRPINAR<\/strong>,<strong> Cem AKSEL<\/strong>, <strong>Arbak DAL<\/strong>, <strong>Turgut BEKO\u011eLU<\/strong>, <strong>Ayd\u0131n \u015eEREF<\/strong>, <strong>Deniz G\u00dcNG\u00d6R<\/strong>,<strong> Utku \u00dcNAL<\/strong>, <strong>G\u00f6k\u00e7e DAYAN\u00c7, <\/strong>bas gitarlarda;<strong>Nurhat \u015eENSESL\u0130<\/strong>, <strong>\u0130smail SOYBERK<\/strong>, <strong>Tarkan G\u00d6Z\u00dcB\u00dcY\u00dcK, Kerem T\u00dcZ\u00dcN<\/strong>, <strong>Murat T\u00dcKENMEZ<\/strong>, <strong>Burak KULAKSIZO\u011eLU<\/strong>, <strong>Alp ERS\u00d6NMEZ<\/strong>, <strong>Sunay \u00d6ZG\u00dcR, Demirhan<\/strong> <strong>BAYLAN<\/strong>,<strong> \u0130lker \u00d6ZALP<\/strong>, vurmal\u0131larda; <strong>Mehmet AKATAY, <\/strong>nefeslilerde; <strong>Toygun S\u00d6ZEN, Mehmet \u00dcNAL, Bulut G\u00dcLEN, <\/strong>yayl\u0131larda; <strong>G\u00fcndem Yayl\u0131 Gurubu <\/strong>yer ald\u0131. <strong>Nev<\/strong> alb\u00fcme ad\u0131n\u0131 veren par\u00e7aya yapt\u0131\u011f\u0131 vokal nameleriyle, <strong>Zeynep ARIKAN <\/strong>ve <strong>Murat K\u00d6SEO\u011eLU<\/strong> ise s\u00f6zl\u00fc par\u00e7alara yapt\u0131klar\u0131 geri vokalleriyle alb\u00fcme renk katt\u0131lar.<\/p>\n\n\n\n<h2 class=\"wp-block-heading\"> <strong>S\u00fckut<\/strong> <\/h2>\n\n\n\n<p style=\"text-align:right\"> 2002<\/p>\n\n\n\n<div class=\"wp-block-image\"><figure class=\"aligncenter is-resized\"><a href=\"https:\/\/open.spotify.com\/album\/3skGiihzqAGQUuHOrzGM14\" target=\"_blank\" rel=\"noreferrer noopener\"><img loading=\"lazy\" decoding=\"async\" src=\"http:\/\/serdaroztop.com\/wp-content\/uploads\/SO_S.gif\" alt=\"\" width=\"368\" height=\"368\"\/><\/a><\/figure><\/div>\n\n\n\n<p>My debut consisting of 10 instrumental rock guitar originals is also Turkey&#8217;s first in this genre. Album received very positive critics from all around the world.<\/p>\n\n\n\n<p><strong>Par\u00e7alar<\/strong><\/p>\n\n\n\n<p>1- Yans\u0131ma<br>2 &#8211; 24 Saat<br>3 &#8211; \u00d6zg\u00fcrl\u00fc\u011fe Do\u011fru<br>4 &#8211; Umutsuz<br>5 &#8211; Kalabal\u0131\u011f\u0131n Ortas\u0131nda<br>6 &#8211; Yeni G\u00fcn<br>7 &#8211; Azrail&#8217;le Dans<br>8 &#8211; S\u00fckut<br>9 &#8211; Bir Ak\u015fam Esintisi<br>10- \u0130\u00e7 \u0130\u00e7e<\/p>\n\n\n\n<h6 class=\"wp-block-heading\">Bas\u0131n B\u00fclteni<\/h6>\n\n\n\n<p><strong>S\u00fck\u00fbt<\/strong>, <strong>Serdar \u00d6ztop<\/strong>\u2019un ilk solo \u00e7al\u0131\u015fmas\u0131 olmas\u0131n\u0131n yan\u0131s\u0131ra T\u00fcrkiye\u2019nin de ilk enstr\u00fcmantal rock gitar alb\u00fcm\u00fc. <strong>Haluk Levent<\/strong>, <strong>Teoman<\/strong> ve <strong>Bulutsuzluk \u00d6zlemi<\/strong> gibi isimlerin solo gitaristi ve aranj\u00f6r\u00fc olarak tan\u0131d\u0131\u011f\u0131m\u0131z sanat\u00e7\u0131n\u0131n on enstr\u00fcmantal par\u00e7as\u0131ndan olu\u015fan <strong>S\u00fck\u00fbt<\/strong>, bo\u015f ve samimiyetten uzak s\u00f6zler yerine ger\u00e7ek, bizden ve usta melodileri koyarak dinleyicisine seslenen bir alb\u00fcm. \u0130fadelerini <strong>Serdar \u00d6ztop<\/strong> imzal\u0131 notalardan yola \u00e7\u0131karak, dinleyicinin hayal g\u00fcc\u00fcnde \u015fekillendiren par\u00e7alar\u0131n t\u00fcm\u00fcn\u00fcn m\u00fczik ve d\u00fczenlemeleri sanat\u00e7\u0131ya ait.<\/p>\n\n\n\n<p>Bug\u00fcne kadar <strong>Steve Vai<\/strong>,<strong> Joe Satriani<\/strong>, <strong>Yngwie Malmsteen<\/strong> gibi gitar virt\u00fcozlar\u0131n\u0131n parmaklar\u0131ndan duymaya al\u0131\u015ft\u0131\u011f\u0131m\u0131z armonileri co\u011frafyam\u0131z\u0131n t\u0131n\u0131lar\u0131yla birle\u015ftirerek sunan <strong>S\u00fck\u00fbt<\/strong>, hem bu yan\u0131yla hem de bir T\u00fcrk elektrik gitar virt\u00fcozunun bu tarzda ilk \u00e7al\u0131\u015fmas\u0131 olmas\u0131 anlam\u0131nda bir ba\u015flang\u0131\u00e7. Rock ve funk altyap\u0131lar\u0131 \u00fczerine kurulu \u00e7al\u0131\u015fmas\u0131nda <strong>Serdar \u00d6ztop<\/strong>\u2019a yine kendisi gibi usta isimler e\u015flik ediyor. Davullarda <strong>Cengiz Baysal<\/strong> ve <strong>Arbak Dal<\/strong>, bas gitarda <strong>Burak Kulaks\u0131zo\u011flu<\/strong> ve saksofonda <strong>Toygun S\u00f6zen<\/strong>\u2019in emek katt\u0131\u011f\u0131 \u00e7al\u0131\u015fmada gitarlar, tu\u015flu \u00e7alg\u0131lar ve vokaller <strong>Serdar \u00d6ztop<\/strong>\u2019a ait. Alb\u00fcm foto\u011fraflar\u0131 <strong>Ya\u015far Sara\u00e7o\u011flu<\/strong> imzas\u0131n\u0131 ta\u015f\u0131rken, her par\u00e7an\u0131n ruhunu temsil eden ill\u00fcstrasyonlar kendine has tarz\u0131yla tan\u0131nan <strong>Do\u011fan \u00dcr<\/strong> taraf\u0131ndan haz\u0131rland\u0131.<\/p>\n\n\n\n<p>20 y\u0131ll\u0131k m\u00fczikal birikimini <strong>S\u00fck\u00fbt<\/strong> adl\u0131 \u00e7al\u0131\u015fmas\u0131yla ortaya koyan <strong>Serdar \u00d6ztop<\/strong>, birbirinin ayn\u0131 \u00e7al\u0131\u015fman\u0131n m\u00fczik marketlerde yaratt\u0131\u011f\u0131 kalabal\u0131\u011f\u0131n aras\u0131nda s\u00fck\u00fbnet, sadelik ve ustal\u0131\u011f\u0131 ile bir alternatif yarat\u0131yor.<\/p>\n\n\n\n<p>Ne derler bilirsiniz; S\u00f6z g\u00fcm\u00fc\u015fse, <strong>s\u00fck\u00fbt<\/strong> alt\u0131nd\u0131r&#8230;<\/p>\n","protected":false},"excerpt":{"rendered":"<p>Little Wing 2019 We used to play this iconic piece of the legendary guitarist Jimi Hendrix on stage in 90&#8217;s with my band Indians when we used to burn the stage at Kemanci Rock Bar. Various versions came out thru the years. This one is a rendition that I finalized performing all instruments and vocals &hellip; <\/p>\n<p class=\"link-more\"><a href=\"https:\/\/www.serdaroztop.com\/en\/albumler\/solo-albums\/\" class=\"more-link\">Continue reading<span class=\"screen-reader-text\"> &#8220;Solo Albums &#038; Singles&#8221;<\/span><\/a><\/p>\n","protected":false},"author":1,"featured_media":0,"parent":7,"menu_order":0,"comment_status":"open","ping_status":"closed","template":"","meta":{"jetpack_post_was_ever_published":false,"footnotes":""},"class_list":["post-109","page","type-page","status-publish","hentry"],"jetpack_sharing_enabled":true,"jetpack_likes_enabled":true,"_links":{"self":[{"href":"https:\/\/www.serdaroztop.com\/en\/wp-json\/wp\/v2\/pages\/109","targetHints":{"allow":["GET"]}}],"collection":[{"href":"https:\/\/www.serdaroztop.com\/en\/wp-json\/wp\/v2\/pages"}],"about":[{"href":"https:\/\/www.serdaroztop.com\/en\/wp-json\/wp\/v2\/types\/page"}],"author":[{"embeddable":true,"href":"https:\/\/www.serdaroztop.com\/en\/wp-json\/wp\/v2\/users\/1"}],"replies":[{"embeddable":true,"href":"https:\/\/www.serdaroztop.com\/en\/wp-json\/wp\/v2\/comments?post=109"}],"version-history":[{"count":13,"href":"https:\/\/www.serdaroztop.com\/en\/wp-json\/wp\/v2\/pages\/109\/revisions"}],"predecessor-version":[{"id":1294,"href":"https:\/\/www.serdaroztop.com\/en\/wp-json\/wp\/v2\/pages\/109\/revisions\/1294"}],"up":[{"embeddable":true,"href":"https:\/\/www.serdaroztop.com\/en\/wp-json\/wp\/v2\/pages\/7"}],"wp:attachment":[{"href":"https:\/\/www.serdaroztop.com\/en\/wp-json\/wp\/v2\/media?parent=109"}],"curies":[{"name":"wp","href":"https:\/\/api.w.org\/{rel}","templated":true}]}}