{"id":1428,"date":"2025-05-26T23:59:32","date_gmt":"2025-05-26T20:59:32","guid":{"rendered":"https:\/\/www.serdaroztop.com\/tr\/?page_id=1428"},"modified":"2025-09-19T23:05:00","modified_gmt":"2025-09-19T20:05:00","slug":"biletler","status":"publish","type":"page","link":"https:\/\/www.serdaroztop.com\/en\/biletler\/","title":{"rendered":"Tickets"},"content":{"rendered":"<\/p>\n\n\n<p><strong>15 Ekim \u00c7ar\u015famba,&nbsp; A\u011fa\u00e7 Ev Kad\u0131k\u00f6y | 90&#8217;lar Rock Gecesi <\/strong><\/p>\n\n\n\n<p>Biletler kap\u0131da sat\u0131lacakt\u0131r. <\/p>\n\n\n\n<p><strong>15\u00a0 Kas\u0131m Cumartesi, The Wall Kad\u0131k\u00f6y | 90&#8217;lar Rock Gecesi <\/strong><\/p>\n\n\n\n<p>Biletix<\/p>\n\n\n\n<p><\/p>\n\n\n\n<p>Biletino<\/p>\n\n\n\n<p><\/p>\n\n\n\n<p>Kap\u0131da nakit ile giri\u015f yap\u0131labilmektedir. <\/p>\n\n\n\n<p><strong>10 Aral\u0131k \u00c7ar\u015famba,\u00a0 A\u011fa\u00e7 Ev Kad\u0131k\u00f6y |90&#8217;lar Rock Gecesi <\/strong><\/p>\n\n\n\n<p>Biletler kap\u0131da sat\u0131lacakt\u0131r. <\/p>\n\n\n<p>","protected":false},"excerpt":{"rendered":"<p>15 Ekim \u00c7ar\u015famba,&nbsp; A\u011fa\u00e7 Ev Kad\u0131k\u00f6y | 90&#8217;lar Rock Gecesi Biletler kap\u0131da sat\u0131lacakt\u0131r. 15\u00a0 Kas\u0131m Cumartesi, The Wall Kad\u0131k\u00f6y | 90&#8217;lar Rock Gecesi Biletix Biletino Kap\u0131da nakit ile giri\u015f yap\u0131labilmektedir. 10 Aral\u0131k \u00c7ar\u015famba,\u00a0 A\u011fa\u00e7 Ev Kad\u0131k\u00f6y |90&#8217;lar Rock Gecesi Biletler kap\u0131da sat\u0131lacakt\u0131r.<\/p>\n","protected":false},"author":1,"featured_media":0,"parent":0,"menu_order":0,"comment_status":"closed","ping_status":"closed","template":"","meta":{"jetpack_post_was_ever_published":false,"footnotes":""},"class_list":["post-1428","page","type-page","status-publish","hentry"],"jetpack_sharing_enabled":true,"jetpack_likes_enabled":true,"_links":{"self":[{"href":"https:\/\/www.serdaroztop.com\/en\/wp-json\/wp\/v2\/pages\/1428","targetHints":{"allow":["GET"]}}],"collection":[{"href":"https:\/\/www.serdaroztop.com\/en\/wp-json\/wp\/v2\/pages"}],"about":[{"href":"https:\/\/www.serdaroztop.com\/en\/wp-json\/wp\/v2\/types\/page"}],"author":[{"embeddable":true,"href":"https:\/\/www.serdaroztop.com\/en\/wp-json\/wp\/v2\/users\/1"}],"replies":[{"embeddable":true,"href":"https:\/\/www.serdaroztop.com\/en\/wp-json\/wp\/v2\/comments?post=1428"}],"version-history":[{"count":19,"href":"https:\/\/www.serdaroztop.com\/en\/wp-json\/wp\/v2\/pages\/1428\/revisions"}],"predecessor-version":[{"id":1448,"href":"https:\/\/www.serdaroztop.com\/en\/wp-json\/wp\/v2\/pages\/1428\/revisions\/1448"}],"wp:attachment":[{"href":"https:\/\/www.serdaroztop.com\/en\/wp-json\/wp\/v2\/media?parent=1428"}],"curies":[{"name":"wp","href":"https:\/\/api.w.org\/{rel}","templated":true}]}}