{"id":243,"date":"2016-05-26T03:11:02","date_gmt":"2016-05-26T00:11:02","guid":{"rendered":"http:\/\/www.serdaroztop.com\/?page_id=243"},"modified":"2021-05-29T15:24:03","modified_gmt":"2021-05-29T12:24:03","slug":"serdar-oztop","status":"publish","type":"page","link":"https:\/\/www.serdaroztop.com\/en\/","title":{"rendered":"Serdar Oztop | Guitarist, Composer, Producer, Sound Engineer"},"content":{"rendered":"<p><\/p>\n\n\n<h2 class=\"wp-block-heading\">New Release <\/h2>\n\n\n\n<figure class=\"wp-block-image size-large\"><img loading=\"lazy\" decoding=\"async\" width=\"1024\" height=\"1024\" src=\"http:\/\/www.serdaroztop.com\/wp-content\/uploads\/yine-d\u00fc\u015ft\u00fck-yollara--1024x1024.jpg\" alt=\"Guitarist Producer\" class=\"wp-image-1203\" srcset=\"https:\/\/www.serdaroztop.com\/wp-content\/uploads\/yine-d\u00fc\u015ft\u00fck-yollara--1024x1024.jpg 1024w, https:\/\/www.serdaroztop.com\/wp-content\/uploads\/yine-d\u00fc\u015ft\u00fck-yollara--150x150.jpg 150w, https:\/\/www.serdaroztop.com\/wp-content\/uploads\/yine-d\u00fc\u015ft\u00fck-yollara--300x300.jpg 300w, https:\/\/www.serdaroztop.com\/wp-content\/uploads\/yine-d\u00fc\u015ft\u00fck-yollara--768x768.jpg 768w\" sizes=\"auto, (max-width: 706px) 89vw, (max-width: 767px) 82vw, 740px\" \/><\/figure>\n\n\n\n<p>Yine D\u00fc\u015ft\u00fck Yollara available on music streaming services. Links right below \ud83d\udc47<\/p>\n\n\n\n<h2 class=\"wp-block-heading\">Watch&#8230;<\/h2>\n\n\n\n<figure class=\"wp-block-embed-youtube wp-block-embed is-type-video is-provider-youtube wp-embed-aspect-16-9 wp-has-aspect-ratio\"><div class=\"wp-block-embed__wrapper\">\n<iframe loading=\"lazy\"  id=\"_ytid_28378\"  width=\"525\" height=\"295\"  data-origwidth=\"525\" data-origheight=\"295\" src=\"https:\/\/www.youtube.com\/embed\/ImNB7UyLk6w?enablejsapi=1&#038;origin=https:\/\/www.serdaroztop.com&#038;autoplay=0&#038;cc_load_policy=0&#038;cc_lang_pref=&#038;iv_load_policy=1&#038;loop=0&#038;rel=1&#038;fs=1&#038;playsinline=0&#038;autohide=2&#038;hl=en_US&#038;theme=dark&#038;color=red&#038;controls=1&#038;disablekb=0&#038;\" class=\"__youtube_prefs__  epyt-is-override  no-lazyload\" title=\"YouTube player\"  allow=\"fullscreen; accelerometer; autoplay; clipboard-write; encrypted-media; gyroscope; picture-in-picture; web-share\" referrerpolicy=\"strict-origin-when-cross-origin\" allowfullscreen data-no-lazy=\"1\" data-skipgform_ajax_framebjll=\"\"><\/iframe>\n<\/div><\/figure>\n\n\n\n<h2 class=\"wp-block-heading\">Listen&#8230;<\/h2>\n\n\n\n<figure><iframe loading=\"lazy\" src=\"https:\/\/open.spotify.com\/embed\/artist\/5hBfXxqYgBbWPnnlbgfoCq\" width=\"300\" height=\"380\"><\/iframe><\/figure>\n\n\n\n<h2 class=\"wp-block-heading\">Keep in touch&#8230;<\/h2>\n\n\n\n<p>You can subscribe newsletters by entering your email in the box below to be the first to know.<\/p>\n\n\n<div class=\"wp-block-jetpack-subscriptions__supports-newline wp-block-jetpack-subscriptions\">\n\t\t<div>\n\t\t\t<div>\n\t\t\t\t<div>\n\t\t\t\t\t<p >\n\t\t\t\t\t\t<a href=\"https:\/\/www.serdaroztop.com\/en\/?post_type=page&#038;p=243\" style=\"font-size: 16px;padding: 15px 23px 15px 23px;margin: 0; margin-left: 10px;border-radius: 0px;border-width: 1px; background-color: #113AF5; color: #FFFFFF; text-decoration: none; white-space: nowrap; margin-left: 0\">Subscribe<\/a>\n\t\t\t\t\t<\/p>\n\t\t\t\t<\/div>\n\t\t\t<\/div>\n\t\t<\/div>\n\t<\/div>\n\n\n<h2 class=\"wp-block-heading\">Follow&#8230;<\/h2>\n\n\n\n<div class=\"wp-block-columns has-2-columns is-layout-flex wp-container-core-columns-is-layout-9d6595d7 wp-block-columns-is-layout-flex\">\n<div class=\"wp-block-column is-layout-flow wp-block-column-is-layout-flow\">\n<div class=\"wp-block-columns has-2-columns is-layout-flex wp-container-core-columns-is-layout-9d6595d7 wp-block-columns-is-layout-flex\">\n<div class=\"wp-block-column is-layout-flow wp-block-column-is-layout-flow\">\n<div class=\"wp-block-image\"><figure class=\"aligncenter size-thumbnail\"><a href=\"https:\/\/www.instagram.com\/serdaroztop\" target=\"_blank\" rel=\"noreferrer noopener\"><img loading=\"lazy\" decoding=\"async\" width=\"150\" height=\"150\" src=\"http:\/\/www.serdaroztop.com\/wp-content\/uploads\/instagram-150x150.jpg\" alt=\"\" class=\"wp-image-1314\" srcset=\"https:\/\/www.serdaroztop.com\/wp-content\/uploads\/instagram-150x150.jpg 150w, https:\/\/www.serdaroztop.com\/wp-content\/uploads\/instagram-100x100.jpg 100w, https:\/\/www.serdaroztop.com\/wp-content\/uploads\/instagram.jpg 225w\" sizes=\"auto, (max-width: 150px) 100vw, 150px\" \/><\/a><\/figure><\/div>\n<\/div>\n\n\n\n<div class=\"wp-block-column is-layout-flow wp-block-column-is-layout-flow\">\n<div class=\"wp-block-image\"><figure class=\"aligncenter size-thumbnail\"><a href=\"https:\/\/www.facebook.com\/serdaroztopmusic\" target=\"_blank\" rel=\"noreferrer noopener\"><img loading=\"lazy\" decoding=\"async\" width=\"150\" height=\"150\" src=\"http:\/\/www.serdaroztop.com\/wp-content\/uploads\/facebook-150x150.png\" alt=\"\" class=\"wp-image-1312\" srcset=\"https:\/\/www.serdaroztop.com\/wp-content\/uploads\/facebook-150x150.png 150w, https:\/\/www.serdaroztop.com\/wp-content\/uploads\/facebook-100x100.png 100w, https:\/\/www.serdaroztop.com\/wp-content\/uploads\/facebook.png 225w\" sizes=\"auto, (max-width: 150px) 100vw, 150px\" \/><\/a><\/figure><\/div>\n<\/div>\n<\/div>\n<\/div>\n\n\n\n<div class=\"wp-block-column is-layout-flow wp-block-column-is-layout-flow\">\n<div class=\"wp-block-columns has-2-columns is-layout-flex wp-container-core-columns-is-layout-9d6595d7 wp-block-columns-is-layout-flex\">\n<div class=\"wp-block-column is-layout-flow wp-block-column-is-layout-flow\">\n<div class=\"wp-block-image\"><figure class=\"aligncenter size-thumbnail\"><a href=\"https:\/\/www.youtube.com\/oztopmusic\" target=\"_blank\" rel=\"noreferrer noopener\"><img loading=\"lazy\" decoding=\"async\" width=\"150\" height=\"150\" src=\"http:\/\/www.serdaroztop.com\/wp-content\/uploads\/youtube-150x150.png\" alt=\"\" class=\"wp-image-1313\" srcset=\"https:\/\/www.serdaroztop.com\/wp-content\/uploads\/youtube-150x150.png 150w, https:\/\/www.serdaroztop.com\/wp-content\/uploads\/youtube-100x100.png 100w, https:\/\/www.serdaroztop.com\/wp-content\/uploads\/youtube.png 225w\" sizes=\"auto, (max-width: 150px) 100vw, 150px\" \/><\/a><\/figure><\/div>\n<\/div>\n\n\n\n<div class=\"wp-block-column is-layout-flow wp-block-column-is-layout-flow\">\n<div class=\"wp-block-image\"><figure class=\"aligncenter size-thumbnail\"><a href=\"https:\/\/open.spotify.com\/artist\/5hBfXxqYgBbWPnnlbgfoCq?si=9q6oRjkbQ4-jq0UrKNW4QQ\" target=\"_blank\" rel=\"noreferrer noopener\"><img loading=\"lazy\" decoding=\"async\" width=\"150\" height=\"150\" src=\"http:\/\/www.serdaroztop.com\/wp-content\/uploads\/spotify-150x150.png\" alt=\"\" class=\"wp-image-1315\" srcset=\"https:\/\/www.serdaroztop.com\/wp-content\/uploads\/spotify-150x150.png 150w, https:\/\/www.serdaroztop.com\/wp-content\/uploads\/spotify-100x100.png 100w, https:\/\/www.serdaroztop.com\/wp-content\/uploads\/spotify.png 225w\" sizes=\"auto, (max-width: 150px) 100vw, 150px\" \/><\/a><\/figure><\/div>\n<\/div>\n<\/div>\n<\/div>\n<\/div>\n\n\n<p><\/p>","protected":false},"excerpt":{"rendered":"<p>New Release Yine D\u00fc\u015ft\u00fck Yollara available on music streaming services. Links right below \ud83d\udc47 Watch&#8230; Listen&#8230; Keep in touch&#8230; You can subscribe newsletters by entering your email in the box below to be the first to know. Follow&#8230;<\/p>\n","protected":false},"author":1,"featured_media":0,"parent":0,"menu_order":0,"comment_status":"closed","ping_status":"closed","template":"","meta":{"jetpack_post_was_ever_published":false,"footnotes":""},"class_list":["post-243","page","type-page","status-publish","hentry"],"jetpack_sharing_enabled":true,"jetpack_likes_enabled":true,"_links":{"self":[{"href":"https:\/\/www.serdaroztop.com\/en\/wp-json\/wp\/v2\/pages\/243","targetHints":{"allow":["GET"]}}],"collection":[{"href":"https:\/\/www.serdaroztop.com\/en\/wp-json\/wp\/v2\/pages"}],"about":[{"href":"https:\/\/www.serdaroztop.com\/en\/wp-json\/wp\/v2\/types\/page"}],"author":[{"embeddable":true,"href":"https:\/\/www.serdaroztop.com\/en\/wp-json\/wp\/v2\/users\/1"}],"replies":[{"embeddable":true,"href":"https:\/\/www.serdaroztop.com\/en\/wp-json\/wp\/v2\/comments?post=243"}],"version-history":[{"count":58,"href":"https:\/\/www.serdaroztop.com\/en\/wp-json\/wp\/v2\/pages\/243\/revisions"}],"predecessor-version":[{"id":1354,"href":"https:\/\/www.serdaroztop.com\/en\/wp-json\/wp\/v2\/pages\/243\/revisions\/1354"}],"wp:attachment":[{"href":"https:\/\/www.serdaroztop.com\/en\/wp-json\/wp\/v2\/media?parent=243"}],"curies":[{"name":"wp","href":"https:\/\/api.w.org\/{rel}","templated":true}]}}