{"id":55,"date":"2012-04-15T19:12:41","date_gmt":"2012-04-15T16:12:41","guid":{"rendered":"http:\/\/www.serdaroztop.com\/?page_id=55"},"modified":"2021-03-27T12:27:11","modified_gmt":"2021-03-27T09:27:11","slug":"iletisim","status":"publish","type":"page","link":"https:\/\/www.serdaroztop.com\/en\/iletisim\/","title":{"rendered":"Contact"},"content":{"rendered":"\n<h2 class=\"wp-block-heading\">Email<\/h2>\n\n\n\n<p>info@serdaroztop.com<\/p>\n\n\n\n<!--more-->\n\n\n\n<h2 class=\"wp-block-heading\">Studio address<\/h2>\n\n\n\n<p>Ihlamurdere Cad. Meddah \u0130smet Sok. 23\/C Be\u015fikta\u015f \u0130stanbul<\/p>\n\n\n\n<h2 class=\"wp-block-heading\">Phone<\/h2>\n\n\n\n<p>+90(212)327 88 60<\/p>\n\n\n\n<p>+90(555)327 88 60<\/p>\n","protected":false},"excerpt":{"rendered":"<p>Email info@serdaroztop.com<\/p>\n","protected":false},"author":1,"featured_media":0,"parent":0,"menu_order":0,"comment_status":"open","ping_status":"closed","template":"","meta":{"jetpack_post_was_ever_published":false,"footnotes":""},"class_list":["post-55","page","type-page","status-publish","hentry"],"jetpack_sharing_enabled":true,"jetpack_likes_enabled":true,"_links":{"self":[{"href":"https:\/\/www.serdaroztop.com\/en\/wp-json\/wp\/v2\/pages\/55","targetHints":{"allow":["GET"]}}],"collection":[{"href":"https:\/\/www.serdaroztop.com\/en\/wp-json\/wp\/v2\/pages"}],"about":[{"href":"https:\/\/www.serdaroztop.com\/en\/wp-json\/wp\/v2\/types\/page"}],"author":[{"embeddable":true,"href":"https:\/\/www.serdaroztop.com\/en\/wp-json\/wp\/v2\/users\/1"}],"replies":[{"embeddable":true,"href":"https:\/\/www.serdaroztop.com\/en\/wp-json\/wp\/v2\/comments?post=55"}],"version-history":[{"count":23,"href":"https:\/\/www.serdaroztop.com\/en\/wp-json\/wp\/v2\/pages\/55\/revisions"}],"predecessor-version":[{"id":1307,"href":"https:\/\/www.serdaroztop.com\/en\/wp-json\/wp\/v2\/pages\/55\/revisions\/1307"}],"wp:attachment":[{"href":"https:\/\/www.serdaroztop.com\/en\/wp-json\/wp\/v2\/media?parent=55"}],"curies":[{"name":"wp","href":"https:\/\/api.w.org\/{rel}","templated":true}]}}