{"id":439,"date":"2019-02-21T15:13:20","date_gmt":"2019-02-21T12:13:20","guid":{"rendered":"http:\/\/www.serdaroztop.com\/?page_id=439"},"modified":"2024-10-30T18:18:20","modified_gmt":"2024-10-30T15:18:20","slug":"studio","status":"publish","type":"page","link":"https:\/\/www.serdaroztop.com\/tr\/oztopmusic\/studio\/","title":{"rendered":"St\u00fcdyo"},"content":{"rendered":"<\/p>\n<p>St\u00fcdyomuz bug\u00fcne kadar bir \u00e7ok \u00fcnl\u00fc sanat\u00e7\u0131 ve grup taraf\u0131ndan alb\u00fcm kay\u0131tlar\u0131 ve provalar\u0131 i\u00e7in kullan\u0131lm\u0131\u015ft\u0131r.<\/p>\n<p style=\"text-align: center;\"><strong>Kay\u0131t<\/strong><\/p>\n<p><a href=\"http:\/\/www.serdaroztop.com\/wp-content\/uploads\/IMG-0146-1.jpg\"><img loading=\"lazy\" decoding=\"async\" class=\"wp-image-542 alignright\" src=\"http:\/\/www.serdaroztop.com\/wp-content\/uploads\/IMG-0146-1-300x300.jpg\" alt=\"\" width=\"195\" height=\"195\" srcset=\"https:\/\/www.serdaroztop.com\/wp-content\/uploads\/IMG-0146-1-300x300.jpg 300w, https:\/\/www.serdaroztop.com\/wp-content\/uploads\/IMG-0146-1-150x150.jpg 150w, https:\/\/www.serdaroztop.com\/wp-content\/uploads\/IMG-0146-1-768x768.jpg 768w, https:\/\/www.serdaroztop.com\/wp-content\/uploads\/IMG-0146-1-1024x1024.jpg 1024w, https:\/\/www.serdaroztop.com\/wp-content\/uploads\/IMG-0146-1.jpg 1080w\" sizes=\"auto, (max-width: 195px) 100vw, 195px\" \/><\/a> <a href=\"http:\/\/www.serdaroztop.com\/wp-content\/uploads\/IMG-0147-1.jpg\"><img loading=\"lazy\" decoding=\"async\" class=\"wp-image-543 alignleft\" src=\"http:\/\/www.serdaroztop.com\/wp-content\/uploads\/IMG-0147-1-300x300.jpg\" alt=\"\" width=\"195\" height=\"195\" srcset=\"https:\/\/www.serdaroztop.com\/wp-content\/uploads\/IMG-0147-1-300x300.jpg 300w, https:\/\/www.serdaroztop.com\/wp-content\/uploads\/IMG-0147-1-150x150.jpg 150w, https:\/\/www.serdaroztop.com\/wp-content\/uploads\/IMG-0147-1-768x768.jpg 768w, https:\/\/www.serdaroztop.com\/wp-content\/uploads\/IMG-0147-1-1024x1024.jpg 1024w, https:\/\/www.serdaroztop.com\/wp-content\/uploads\/IMG-0147-1.jpg 1080w\" sizes=\"auto, (max-width: 195px) 100vw, 195px\" \/><\/a><\/p>\n<p style=\"text-align: center;\"><strong>\u00a0<\/strong><\/p>\n<\/p>\n<\/p>\n<p style=\"text-align: center;\"><strong>Ekipman Listesi<br \/><\/strong><\/p>\n<ul>\n<li>Pro Tools HD2 sistem<\/li>\n<li>Apogee AD 16X and Lynx Aurora16 \u00e7evirici<\/li>\n<li>Avalon VT-737sp Tube Channel<\/li>\n<li>Audient Asp008 8 Ch. Mic Pre<\/li>\n<li>Avid Control 24 (DAW controller with 16 ch. Focusrite preamps)<\/li>\n<li>Genelec 1031A monitors<\/li>\n<li>Fractal Audio AxeFx II<\/li>\n<li>Rode K2 Tube Condenser Mic<\/li>\n<li>Warm Audio WA-14 Condenser Mic<\/li>\n<li>Rode NT5 Condenser Mic pair<\/li>\n<li>Rode NT4 Stereo XY Condenser Mic<\/li>\n<li>AKG D112 Kick Mic<\/li>\n<li>Shure SM57<\/li>\n<li>Shure Drum Mic sets<\/li>\n<\/ul>\n<p><a href=\"http:\/\/www.serdaroztop.com\/wp-content\/uploads\/studio.jpg\"><img loading=\"lazy\" decoding=\"async\" class=\"alignnone size-medium wp-image-541\" src=\"http:\/\/www.serdaroztop.com\/wp-content\/uploads\/studio-300x169.jpg\" alt=\"\" width=\"300\" height=\"169\" srcset=\"https:\/\/www.serdaroztop.com\/wp-content\/uploads\/studio-300x169.jpg 300w, https:\/\/www.serdaroztop.com\/wp-content\/uploads\/studio-768x432.jpg 768w, https:\/\/www.serdaroztop.com\/wp-content\/uploads\/studio-1024x576.jpg 1024w, https:\/\/www.serdaroztop.com\/wp-content\/uploads\/studio.jpg 1080w\" sizes=\"auto, (max-width: 300px) 100vw, 300px\" \/><\/a><\/p>\n<p style=\"text-align: center;\"><strong>Prova<\/strong><\/p>\n<ul>\n<li>Mapex Davul Seti<\/li>\n<li>Marshall JVM 210H T\u00fcp Gitar Amplisi &#038;1960 Kabin<\/li>\n<li>Gallen Kruger Bass Amplisi<\/li>\n<li>Fender Combo Gitar Amplisi<\/li>\n<li>Korg Trinity Klavye<\/li>\n<li>Behringer XAir 18 Digital Mixer<\/li>\n<li>LD Systems Maui 11 Mix Hoparl\u00f6rler<\/li>\n<li>JBL 10&#8243; monit\u00f6r<\/li>\n<\/ul>\n<p><strong>Adres<\/strong>: Meddah \u0130smet Sok. 23\/C Be\u015fikta\u015f \u0130stanbul<br \/>Tel: 0(212)327 88 60<\/p>\n<p>Cep: +90(555)327 88 60<\/p>\n<p>E-posta: oztopmuzik@gmail.com\u00a0<\/p>\n<p>Bug\u00fcne kadar kaydedilen alb\u00fcmlerin baz\u0131lar\u0131:<\/p>\n<style id=\"bwg-style-0\">      #bwg_container1_0 #bwg_container2_0 .image_browser_images_conteiner_0 * {        -moz-box-sizing: border-box;        box-sizing: border-box;      }      #bwg_container1_0 #bwg_container2_0 .image_browser_images_conteiner_0{\t\tbackground-color: rgba(245, 245, 245, 0.90);\t\ttext-align: center;\t\twidth: 100%;\t\tborder-style: none;\t\tborder-width: 2px;\t\tborder-color: #F7F7F7;\t\tpadding: 4px;\t\tborder-radius: 0;\t\tposition:relative;      }      #bwg_container1_0 #bwg_container2_0 .image_browser_images_0 {\t\tdisplay: inline-block;\t\t-moz-box-sizing: border-box;\t\tbox-sizing: border-box;\t\tfont-size: 0;\t\ttext-align: center;\t\tmax-width: 100%;\t\twidth: 100%;      }      #bwg_container1_0 #bwg_container2_0 .image_browser_image_buttons_conteiner_0 {\t\ttext-align: center;      }      #bwg_container1_0 #bwg_container2_0 .image_browser_image_buttons_0 {\t\tdisplay: inline-block;\t\twidth:100%;      }      #bwg_container1_0 #bwg_container2_0 .bwg_image_browser_image_0 {        background-color: rgba(235, 235, 235, 0.80);\t\ttext-align: center;\t\tdisplay: inline-block;\t\tvertical-align: middle;\t\tmargin: 2px auto;\t\tpadding: 4px;\t\tborder-radius: 0;\t\tborder: 1px none #F5F5F5;\t\tbox-shadow: ;\t\tmax-width: 800px;\t\twidth: 100%;\t\t\/*z-index: 100;*\/\t\tposition: relative;      }      #bwg_container1_0 #bwg_container2_0 .bwg_image_alt_0{\t\tdisplay: table;\t\twidth: 100%;\t\tfont-size: 15px;\t\tfont-family: Ubuntu;\t\tcolor: #000000;\t\ttext-align:center;\t\tpadding-left: 8px;        word-break: break-word;      }      #bwg_container1_0 #bwg_container2_0 .bwg_image_browser_img_0 {        padding: 0 !important;\t\tmax-width: 100% !important;\t\theight: inherit !important;\t\twidth: 100%;      }      @media only screen and (max-width : 320px) {\t\t#bwg_container1_0 #bwg_container2_0 .displaying-num_0 {\t\t  display: none;\t\t}\t\t#bwg_container1_0 #bwg_container2_0 .bwg_image_alt_0 {\t\t  font-size: 10px !important;\t\t}\t\t#bwg_container1_0 #bwg_container2_0 .bwg_watermark_text_0,\t\t#bwg_container1_0 #bwg_container2_0 .bwg_watermark_text_0:hover {\t\t  font-size: 10px !important;\t\t  text-decoration: none;\t\t  margin: 4px;\t\t  font-family: Arial;\t\t  color: #FFFFFF !important;\t\t  opacity: 0.30;\t\t  text-decoration: none;\t\t  position: relative;\t\t  z-index: 10141;\t\t}\t\t#bwg_container1_0 #bwg_container2_0 .bwg_image_browser_image_description_0 {\t\t  color: #000000;\t\t  display: table;\t\t  width: 100%;\t\t  text-align: left;\t\t  font-size: 8px !important;\t\t  font-family: Ubuntu;\t\t  padding: 8px 8px 8px 8px;\t\t  \/*word-break: break-all;*\/\t\t  border-style: none;\t\t  background-color: #EBEBEB;\t\t  border-radius: 0;\t\t  border-width: 1px;\t\t}\t\t#bwg_container1_0 #bwg_container2_0 .tablenav-pages_0 a {\t\t  font-size: 10px !important;\t\t}      }      #bwg_container1_0 #bwg_container2_0 .bwg_image_browser_image_desp_0 {\t\t\t\tdisplay: table;\t\t\t\tclear: both;\t\t\t\ttext-align: center;        padding: 0px 5px 0px 5px;\t\t\t\twidth: 100%;      }      #bwg_container1_0 #bwg_container2_0 .bwg_image_browser_image_description_0 {        color: #000000;\t\tdisplay: table;\t\twidth: 100%;\t\ttext-align: left;\t\tfont-size: 15px;\t\tfont-family: Ubuntu;\t\tpadding: 8px 8px 8px 8px;\t\tword-break: break-word;\t\tborder-style: none;\t\tbackground-color: #EBEBEB;\t\tborder-radius: 0;\t\tborder-width: 1px;      }      #bwg_container1_0 #bwg_container2_0 .bwg_image_browser_image_alt_0 {      \tdisplay:table;        clear: both;        text-align: center;        padding: 8px;        width: 100%;      }      \/*watermark*\/      #bwg_container1_0 #bwg_container2_0 .bwg_watermark_text_0,      #bwg_container1_0 #bwg_container2_0 .bwg_watermark_text_0:hover {        text-decoration: none;        margin: 4px;        font-size: 20px;        font-family: Arial;        color: #FFFFFF !important;        opacity: 0.30;        position: relative;        z-index: 10141;      }      #bwg_container1_0 #bwg_container2_0 .bwg_image_browser_image_contain_0{        position: absolute;        text-align: center;        vertical-align: middle;        width: 100%;        height: 100%;        cursor: pointer;      }      #bwg_container1_0 #bwg_container2_0 .bwg_image_browser_watermark_contain_0{        display: table;        vertical-align: middle;        width: 100%;        height: 100%;      }\t       #bwg_container1_0 #bwg_container2_0 .bwg_image_browser_watermark_cont_0{        display: table-cell;        text-align: ;        position: relative;        vertical-align: ;      }      #bwg_container1_0 #bwg_container2_0 .bwg_image_browser_watermark_0{\t\tdisplay: inline-block;\t\toverflow: hidden;\t\tposition: relative;\t\tvertical-align: middle;\t\tz-index: 10140;\t\twidth: 90px;\t\tmax-width: 11.25%;\t\tmargin: 10px 10px 10px 10px ;      }      #bwg_container1_0 #bwg_container2_0 .bwg_image_browser_watermark_text_0{        display: inline-block;\t\toverflow: hidden;\t\tposition: relative;\t\tvertical-align: middle;\t\tz-index: 10140;\t\tmargin: 10px 10px 10px 10px;      }      #bwg_container1_0 #bwg_container2_0 .bwg_image_browser_watermark_img_0{        max-width: 100%;        opacity: 0.30;        position: relative;        z-index: 10141;      }      #bwg_container1_0 #bwg_container2_0 .bwg_none_selectable {        -webkit-touch-callout: none;        -webkit-user-select: none;        -khtml-user-select: none;        -moz-user-select: none;        -ms-user-select: none;        user-select: none;       ecoration: none;    }    #bwg_container1_0 #bwg_container2_0 .bwg_gal_title_0 {      background-color: rgba(0, 0, 0, 0);      color: #323A45;      display: block;      font-family: Ubuntu;      font-size: 16px;      font-weight: bold;      padding: 2px;      text-shadow: 0px 0px 0px #888888;      text-align: center;    }    <\/style>    <div id=\"bwg_container1_0\"         class=\"bwg_container bwg_thumbnail bwg_image_browser \"         data-right-click-protection=\"0\"         data-bwg=\"0\"         data-scroll=\"0\"         data-gallery-type=\"image_browser\"         data-gallery-view-type=\"image_browser\"         data-current-url=\"\/tr\/wp-json\/wp\/v2\/pages\/439\"         data-lightbox-url=\"https:\/\/www.serdaroztop.com\/wp-admin\/admin-ajax.php?action=GalleryBox&#038;current_view=0&#038;gallery_id=1&#038;tag=0&#038;theme_id=1&#038;shortcode_id=4&#038;sort_by=order&#038;order_by=asc&#038;current_url=%2Ftr%2Fwp-json%2Fwp%2Fv2%2Fpages%2F439\"         data-gallery-id=\"1\"         data-popup-width=\"800\"         data-popup-height=\"500\"         data-is-album=\"gallery\"         data-buttons-position=\"bottom\">      <div id=\"bwg_container2_0\">             <div id=\"ajax_loading_0\" class=\"bwg_loading_div_1\">      <div class=\"bwg_loading_div_2\">        <div class=\"bwg_loading_div_3\">          <div id=\"loading_div_0\" class=\"bwg_spider_ajax_loading\">          <\/div>        <\/div>      <\/div>    <\/div>            <form id=\"gal_front_form_0\"              class=\"bwg-hidden\"              method=\"post\"              action=\"#\"              data-current=\"0\"              data-shortcode-id=\"4\"              data-gallery-type=\"image_browser\"              data-gallery-id=\"1\"              data-tag=\"0\"              data-album-id=\"0\"              data-theme-id=\"1\"              data-ajax-url=\"https:\/\/www.serdaroztop.com\/wp-admin\/admin-ajax.php?action=bwg_frontend_data\">          <div id=\"bwg_container3_0\" class=\"bwg-background bwg-background-0\">            \t  <div id=\"bwg_image_browser_0\" class=\"image_browser_images_conteiner_0 bwg-image_browser-images-wrapper bwg-container\"         data-params='{&quot;is_pro&quot;:false,&quot;image_right_click&quot;:&quot;0&quot;,&quot;gallery_id&quot;:&quot;1&quot;}'         data-bwg=\"0\"         data-lightbox-url=\"https:\/\/www.serdaroztop.com\/wp-admin\/admin-ajax.php?action=GalleryBox&#038;current_view=0&#038;gallery_id=1&#038;tag=0&#038;theme_id=1&#038;shortcode_id=4&#038;sort_by=order&#038;order_by=asc&#038;current_url=%2Ftr%2Fwp-json%2Fwp%2Fv2%2Fpages%2F439\">      <div class=\"image_browser_images_0\">                  <div class=\"image_browser_image_buttons_conteiner_0\">            <div class=\"image_browser_image_buttons_0\">                              <div class=\"bwg_image_browser_image_alt_0\">                  <div class=\"bwg_image_alt_0\" id=\"alt40\">                    Kesme\u015feker - A\u015fk ve Para                  <\/div>                <\/div>                              <div class=\"bwg_image_browser_image_0\">                                  <a style=\"position:relative;\" class=\"bwg-a\" >                    <img decoding=\"async\" class=\"skip-lazy bwg-item0 bwg_image_browser_img bwg_image_browser_img_0 \"                         src=\"https:\/\/www.serdaroztop.com\/wp-content\/uploads\/photo-gallery\/imported_from_media_libray\/KS_AP.jpg?bwg=1551273166\"                         data-src=\"https:\/\/www.serdaroztop.com\/wp-content\/uploads\/photo-gallery\/imported_from_media_libray\/KS_AP.jpg?bwg=1551273166\"                         alt=\"Kesme\u015feker - A\u015fk ve Para\"                         title=\"Kesme\u015feker - A\u015fk ve Para\" \/>                  <\/a>                                <\/div>                          <\/div>          <\/div>                <\/div>    <\/div>    <style>      \/*pagination styles*\/      #bwg_container1_0 #bwg_container2_0 .tablenav-pages_0 {\t\t\t\ttext-align: center;\t\t\t\tfont-size: 12px;\t\t\t\tfont-family: Ubuntu;\t\t\t\tfont-weight: bold;\t\t\t\tcolor: #666666;\t\t\t\tmargin: 6px 0 4px;\t\t\t\tdisplay: block;      }      @media only screen and (max-width : 320px) {      #bwg_container1_0 #bwg_container2_0 .displaying-num_0 {     \t display: none;      }      }      #bwg_container1_0 #bwg_container2_0 .displaying-num_0 {\t\t\t\tfont-size: 12px;\t\t\t\tfont-family: Ubuntu;\t\t\t\tfont-weight: bold;\t\t\t\tcolor: #666666;\t\t\t\tmargin-right: 10px;\t\t\t\tvertical-align: middle;      }      #bwg_container1_0 #bwg_container2_0 .paging-input_0 {\t\t\t\tfont-size: 12px;\t\t\t\tfont-family: Ubuntu;\t\t\t\tfont-weight: bold;\t\t\t\tcolor: #666666;\t\t\t\tvertical-align: middle;      }      #bwg_container1_0 #bwg_container2_0 .tablenav-pages_0 a.disabled,      #bwg_container1_0 #bwg_container2_0 .tablenav-pages_0 a.disabled:hover,      #bwg_container1_0 #bwg_container2_0 .tablenav-pages_0 a.disabled:focus,\t\t\t#bwg_container1_0 #bwg_container2_0 .tablenav-pages_0 input.bwg_current_page {\t\t\t\tcursor: default;\t\t\t\tcolor: rgba(102, 102, 102, 0.5);      }      #bwg_container1_0 #bwg_container2_0 .tablenav-pages_0 a,      #bwg_container1_0 #bwg_container2_0 .tablenav-pages_0 input.bwg_current_page {\t\t\t\tcursor: pointer;\t\t\t\ttext-align: center;\t\t\t\tfont-size: 12px;\t\t\t\tfont-family: Ubuntu;\t\t\t\tfont-weight: bold;\t\t\t\tcolor: #666666;\t\t\t\ttext-decoration: none;\t\t\t\tpadding: 3px 6px;\t\t\t\tmargin: 0;\t\t\t\tborder-radius: 0;\t\t\t\tborder-style: solid;\t\t\t\tborder-width: 1px;\t\t\t\tborder-color: #E3E3E3;\t\t\t\t\t\t\t\tbackground-color: rgba(255, 255, 255, 1.00);\t\t\t\tbox-shadow: 0;\t\t\t\ttransition: all 0.3s ease 0s;-webkit-transition: all 0.3s ease 0s;      }            #bwg_container1_0 #bwg_container2_0 .tablenav-pages_0 a.next-page:hover,      #bwg_container1_0 #bwg_container2_0 .tablenav-pages_0 a.prev-page:hover {        color: #000000;      }      #bwg_container1_0 #bwg_container2_0 .tablenav-pages_0 .first-page,      #bwg_container1_0 #bwg_container2_0 .tablenav-pages_0 .last-page {        padding: 0% 7%;      }      #bwg_container1_0 #bwg_container2_0 .tablenav-pages_0 .next-page {        margin: 0% 4% 0% 0%;      }      #bwg_container1_0 #bwg_container2_0 .tablenav-pages_0 .prev-page {        margin: 0% 0% 0% 4%;      }      #bwg_container1_0 #bwg_container2_0 .tablenav-pages_0 a {        font-size: 15px !important;        padding: 0% 7% !important;        border-style: none !important;        border-width: 1px;        border-color: #E3E3E3;        background-color: #FFFFFF;        opacity: 1.00;        transition: all 0.3s ease 0s;-webkit-transition: all 0.3s ease 0s;      }      .bwg_image_browser#bwg_container1_0 #bwg_container2_0 .tablenav-pages_0 a {         padding: 0% 11% !important;      }\t\t\t#bwg_container1_0 #bwg_container2_0 .tablenav-pages_0 {        background-color: rgba(245, 245, 245, 0.90);        margin-top: 0;      }      .bwg_image_browser  .pagination-links_0 {        white-space: nowrap;      }      @media screen and (max-width: 465px) {        .bwg_image_browser#bwg_container1_0 #bwg_container2_0 .tablenav-pages_0 a {          padding: 0% 5% !important;          font-size: 13px;        }      }      <\/style>      <span class=\"bwg_nav_cont_0\">              <div class=\"tablenav-pages_0\">                      <span class=\"pagination-links_0 pagination-links\" data-pages-count=\"40\">              <span class=\"pagination-links_col1\">              <a class=\"bwg-a first-page disabled\" title=\"Go to the first page\" >\u00ab<\/a>              <a class=\"bwg-a prev-page disabled\" title=\"Go to the previous page\" >\u2039<\/a>              <\/span>\t\t\t\t\t\t\t<span class=\"pagination-links_col2\">\t\t\t\t\t\t\t\t\t<input type=\"number\" class=\"bwg_current_page\" name=\"bwg_current_page\" value=\"1\" data-url-info=\"page_number_0\" onkeypress=\"return bwg_change_page_0(event, this)\" min=\"1\" oninput=\"validity.valid||(value='')\" \/>\t\t\t\t\t\t\t\t\t\tof\t\t\t\t\t\t\t\t\t\t<span class=\"total-pages_0\">\t\t\t\t\t\t\t\t\t\t\t40\t\t\t\t\t\t\t\t\t\t<\/span>\t\t\t\t\t\t\t<\/span>              <span class=\"pagination-links_col3\">                <a class=\"bwg-a next-page-0\" title=\"Go to the next page\" href=\"\/tr\/wp-json\/wp\/v2\/pages\/439?page_number_0=2\">\u203a<\/a>                <a class=\"bwg-a last-page-0\" title=\"Go to the last page\" href=\"\/tr\/wp-json\/wp\/v2\/pages\/439?page_number_0=40\">\u00bb<\/a>              <\/span>\t\t\t\t\t\t<\/span>\t\t\t\t\t\t        <\/div>                <input type=\"hidden\" id=\"page_number_0\" name=\"page_number_0\" value=\"1\" \/>      <script type=\"text\/javascript\">        if( jQuery('.bwg_nav_cont_0').length > 1 ) {          jQuery('.bwg_nav_cont_0').first().remove()        }        function spider_page_0(cur, x, y, load_more) {          if (typeof load_more == \"undefined\") {            var load_more = false;          }          if (jQuery(cur).hasClass('disabled')) {            return false;          }          var items_county_0 = 40;          switch (y) {            case 1:              if (x >= items_county_0) {                document.getElementById('page_number_0').value = items_county_0;              }              else {                document.getElementById('page_number_0').value = x + 1;              }              break;            case 2:              document.getElementById('page_number_0').value = items_county_0;              break;            case -1:              if (x == 1) {                document.getElementById('page_number_0').value = 1;              }              else {                document.getElementById('page_number_0').value = x - 1;              }              break;            case -2:              document.getElementById('page_number_0').value = 1;              break;\t\t\t\t\t\tcase 0:              document.getElementById('page_number_0').value = x;              break;            default:              document.getElementById('page_number_0').value = 1;          }          bwg_ajax('gal_front_form_0', '0', 'bwg_image_browser_0', '0', '', 'gallery', 0, '', '', load_more, '', 1);        }                    jQuery('.first-page disabled').on('click', function () {              spider_page_0(this, 1, -2, 'numeric');              return false;            });            jQuery('.prev-page disabled').on('click', function () {              spider_page_0(this, 1, -1, 'numeric');              return false;            });            jQuery('.next-page-0').on('click', function () {              spider_page_0(this, 1, 1, 'numeric');              return false;            });            jQuery('.last-page-0').on('click', function () {              spider_page_0(this, 1, 2, 'numeric');              return false;            });        \t\t\t\t\/* Change page on input enter. *\/        function bwg_change_page_0( e, that ) {          if (  e.key == 'Enter' ) {            var to_page = parseInt(jQuery(that).val());            var pages_count = jQuery(that).parents(\".pagination-links\").data(\"pages-count\");            var current_url_param = jQuery(that).attr('data-url-info');            if (to_page > pages_count) {              to_page = 1;            }\t \t\t\t\t\t\t\t\t\t\t\t\tspider_page_0(this, to_page, 0, 'numeric');\t\t\t\t\t\t\treturn false;\t\t\t\t\t\t          }          return true;        }        jQuery('.bwg_load_btn_0').on('click', function () {            spider_page_0(this, 1, 1, true);            return false;        });      <\/script>      <\/span>                <\/div>        <\/form>              <\/div>    <\/div>    <script>      if (document.readyState === 'complete') {        if( typeof bwg_main_ready == 'function' ) {          if ( jQuery(\"#bwg_container1_0\").height() ) {            bwg_main_ready(jQuery(\"#bwg_container1_0\"));          }        }      } else {        document.addEventListener('DOMContentLoaded', function() {          if( typeof bwg_main_ready == 'function' ) {            if ( jQuery(\"#bwg_container1_0\").height() ) {             bwg_main_ready(jQuery(\"#bwg_container1_0\"));            }          }        });      }    <\/script>    \n<p><span style=\"color: #ffffff;\">Serdar \u00d6ztop Ses kay\u0131t st\u00fcdyosu, prova st\u00fcdyosu, dublaj st\u00fcdyosu olarak Besikta\u015f&#8217;ta st\u00fcdyo hizmetleri vermektedir. Kay\u0131t ve prova st\u00fcdyosu ihtiyac\u0131n\u0131z i\u00e7in uygun fiyat, kalite ve g\u00fcven anlay\u0131\u015f\u0131yla hizmet sunulmaktad\u0131r. Her t\u00fcrl\u00fc kay\u0131t ve provalar\u0131m\u0131z i\u00e7in g\u00fcn\u00fcn her saatinde st\u00fcdyomuzdan faydalanabilirsiniz. Merkezi konumu ve son teknoloji cihazlar\u0131yla kay\u0131t st\u00fcdyosu ve prova st\u00fcdyosu olarak en iyi neticeyi alacaks\u0131n\u0131z. M\u00fczik st\u00fcdyosu i\u00e7in tek adres Be\u015fikta\u015f&#8217;ta bulunan tek kay\u0131t ve prova st\u00fcdyosu. Reklam jingle kay\u0131tlar\u0131, seslendirme kay\u0131tlar\u0131, karaoke kay\u0131tlar\u0131 i\u00e7in ucuz ve kaliteli st\u00fcdyo.\u00a0<\/span><\/p>\n\n\n<p><\/p>\n\n\n<p>","protected":false},"excerpt":{"rendered":"<p>St\u00fcdyomuz bug\u00fcne kadar bir \u00e7ok \u00fcnl\u00fc sanat\u00e7\u0131 ve grup taraf\u0131ndan alb\u00fcm kay\u0131tlar\u0131 ve provalar\u0131 i\u00e7in kullan\u0131lm\u0131\u015ft\u0131r. Kay\u0131t \u00a0 Ekipman Listesi Pro Tools HD2 sistem Apogee AD 16X and Lynx Aurora16 \u00e7evirici Avalon VT-737sp Tube Channel Audient Asp008 8 Ch. Mic Pre Avid Control 24 (DAW controller with 16 ch. Focusrite preamps) Genelec 1031A monitors Fractal &hellip; <\/p>\n<p class=\"link-more\"><a href=\"https:\/\/www.serdaroztop.com\/tr\/oztopmusic\/studio\/\" class=\"more-link\">Okumaya devam et<span class=\"screen-reader-text\"> &#8220;St\u00fcdyo&#8221;<\/span><\/a><\/p>\n","protected":false},"author":1,"featured_media":0,"parent":53,"menu_order":2,"comment_status":"closed","ping_status":"closed","template":"","meta":{"footnotes":""},"class_list":["post-439","page","type-page","status-publish","hentry"],"jetpack_sharing_enabled":true,"jetpack_likes_enabled":true,"_links":{"self":[{"href":"https:\/\/www.serdaroztop.com\/tr\/wp-json\/wp\/v2\/pages\/439","targetHints":{"allow":["GET"]}}],"collection":[{"href":"https:\/\/www.serdaroztop.com\/tr\/wp-json\/wp\/v2\/pages"}],"about":[{"href":"https:\/\/www.serdaroztop.com\/tr\/wp-json\/wp\/v2\/types\/page"}],"author":[{"embeddable":true,"href":"https:\/\/www.serdaroztop.com\/tr\/wp-json\/wp\/v2\/users\/1"}],"replies":[{"embeddable":true,"href":"https:\/\/www.serdaroztop.com\/tr\/wp-json\/wp\/v2\/comments?post=439"}],"version-history":[{"count":40,"href":"https:\/\/www.serdaroztop.com\/tr\/wp-json\/wp\/v2\/pages\/439\/revisions"}],"predecessor-version":[{"id":1423,"href":"https:\/\/www.serdaroztop.com\/tr\/wp-json\/wp\/v2\/pages\/439\/revisions\/1423"}],"up":[{"embeddable":true,"href":"https:\/\/www.serdaroztop.com\/tr\/wp-json\/wp\/v2\/pages\/53"}],"wp:attachment":[{"href":"https:\/\/www.serdaroztop.com\/tr\/wp-json\/wp\/v2\/media?parent=439"}],"curies":[{"name":"wp","href":"https:\/\/api.w.org\/{rel}","templated":true}]}}