{"id":502,"date":"2019-02-26T14:04:03","date_gmt":"2019-02-26T11:04:03","guid":{"rendered":"http:\/\/www.serdaroztop.com\/tr\/?page_id=502"},"modified":"2019-02-26T14:12:08","modified_gmt":"2019-02-26T11:12:08","slug":"label","status":"publish","type":"page","link":"https:\/\/www.serdaroztop.com\/tr\/oztopmusic\/label\/","title":{"rendered":"M\u00fczik yap\u0131m"},"content":{"rendered":"\n<p>2002 y\u0131l\u0131nda i\u015fe ilk ba\u015flad\u0131\u011f\u0131m\u0131zdan beri hedefimiz, s\u0131ra d\u0131\u015f\u0131 bir anlay\u0131\u015f ve birikimle m\u00fczik yapmaya \u00e7al\u0131\u015fan grup ve m\u00fczisyenlere destek olmak olmu\u015ftur. Bu ba\u011flamda, samimi ve \u00f6zenli i\u015fler ortaya koymak isteyen sanat\u00e7\u0131lara kap\u0131m\u0131z her zaman a\u00e7\u0131kt\u0131r.<\/p>\n\n\n\n<p>Bug\u00fcne kadar firmam\u0131zdan \u00e7\u0131kan alb\u00fcmlerin baz\u0131lar\u0131:<\/p>\n\n\n\n<div class=\"wp-block-image\"><figure class=\"aligncenter\"><a href=\"http:\/\/www.serdaroztop.com\/wp-content\/uploads\/QM_9P.jpg\"><img loading=\"lazy\" decoding=\"async\" width=\"225\" height=\"225\" src=\"http:\/\/www.serdaroztop.com\/wp-content\/uploads\/QM_9P.jpg\" alt=\"\" class=\"wp-image-359\" srcset=\"https:\/\/www.serdaroztop.com\/wp-content\/uploads\/QM_9P.jpg 225w, https:\/\/www.serdaroztop.com\/wp-content\/uploads\/QM_9P-150x150.jpg 150w\" sizes=\"auto, (max-width: 225px) 100vw, 225px\" \/><\/a><\/figure><\/div>\n\n\n\n<div class=\"wp-block-image\"><figure class=\"aligncenter\"><a href=\"http:\/\/www.serdaroztop.com\/wp-content\/uploads\/TA_YH.jpg\"><img loading=\"lazy\" decoding=\"async\" width=\"225\" height=\"225\" src=\"http:\/\/www.serdaroztop.com\/wp-content\/uploads\/TA_YH.jpg\" alt=\"\" class=\"wp-image-357\" srcset=\"https:\/\/www.serdaroztop.com\/wp-content\/uploads\/TA_YH.jpg 225w, https:\/\/www.serdaroztop.com\/wp-content\/uploads\/TA_YH-150x150.jpg 150w\" sizes=\"auto, (max-width: 225px) 100vw, 225px\" \/><\/a><\/figure><\/div>\n\n\n\n<div class=\"wp-block-image\"><figure class=\"aligncenter\"><a href=\"http:\/\/www.serdaroztop.com\/wp-content\/uploads\/YU_2.jpg\"><img loading=\"lazy\" decoding=\"async\" width=\"225\" height=\"225\" src=\"http:\/\/www.serdaroztop.com\/wp-content\/uploads\/YU_2.jpg\" alt=\"\" class=\"wp-image-358\" srcset=\"https:\/\/www.serdaroztop.com\/wp-content\/uploads\/YU_2.jpg 225w, https:\/\/www.serdaroztop.com\/wp-content\/uploads\/YU_2-150x150.jpg 150w\" sizes=\"auto, (max-width: 225px) 100vw, 225px\" \/><\/a><\/figure><\/div>\n\n\n\n<div class=\"wp-block-image\"><figure class=\"aligncenter\"><a href=\"http:\/\/www.serdaroztop.com\/wp-content\/uploads\/BU_UA-e1550850608859.jpg\"><img loading=\"lazy\" decoding=\"async\" width=\"191\" height=\"191\" src=\"http:\/\/www.serdaroztop.com\/wp-content\/uploads\/BU_UA-e1550850608859.jpg\" alt=\"\" class=\"wp-image-355\" srcset=\"https:\/\/www.serdaroztop.com\/wp-content\/uploads\/BU_UA-e1550850608859.jpg 191w, https:\/\/www.serdaroztop.com\/wp-content\/uploads\/BU_UA-e1550850608859-150x150.jpg 150w\" sizes=\"auto, (max-width: 191px) 100vw, 191px\" \/><\/a><\/figure><\/div>\n\n\n\n<div class=\"wp-block-image\"><figure class=\"aligncenter\"><a href=\"http:\/\/www.serdaroztop.com\/wp-content\/uploads\/MK_KBY-e1550850639952.jpg\"><img loading=\"lazy\" decoding=\"async\" width=\"160\" height=\"160\" src=\"http:\/\/www.serdaroztop.com\/wp-content\/uploads\/MK_KBY-e1550850639952.jpg\" alt=\"\" class=\"wp-image-356\"\/><\/a><\/figure><\/div>\n","protected":false},"excerpt":{"rendered":"<p>2002 y\u0131l\u0131nda i\u015fe ilk ba\u015flad\u0131\u011f\u0131m\u0131zdan beri hedefimiz, s\u0131ra d\u0131\u015f\u0131 bir anlay\u0131\u015f ve birikimle m\u00fczik yapmaya \u00e7al\u0131\u015fan grup ve m\u00fczisyenlere destek olmak olmu\u015ftur. Bu ba\u011flamda, samimi ve \u00f6zenli i\u015fler ortaya koymak isteyen sanat\u00e7\u0131lara kap\u0131m\u0131z her zaman a\u00e7\u0131kt\u0131r. Bug\u00fcne kadar firmam\u0131zdan \u00e7\u0131kan alb\u00fcmlerin baz\u0131lar\u0131:<\/p>\n","protected":false},"author":1,"featured_media":0,"parent":53,"menu_order":1,"comment_status":"closed","ping_status":"closed","template":"","meta":{"footnotes":""},"class_list":["post-502","page","type-page","status-publish","hentry"],"jetpack_sharing_enabled":true,"jetpack_likes_enabled":true,"_links":{"self":[{"href":"https:\/\/www.serdaroztop.com\/tr\/wp-json\/wp\/v2\/pages\/502","targetHints":{"allow":["GET"]}}],"collection":[{"href":"https:\/\/www.serdaroztop.com\/tr\/wp-json\/wp\/v2\/pages"}],"about":[{"href":"https:\/\/www.serdaroztop.com\/tr\/wp-json\/wp\/v2\/types\/page"}],"author":[{"embeddable":true,"href":"https:\/\/www.serdaroztop.com\/tr\/wp-json\/wp\/v2\/users\/1"}],"replies":[{"embeddable":true,"href":"https:\/\/www.serdaroztop.com\/tr\/wp-json\/wp\/v2\/comments?post=502"}],"version-history":[{"count":5,"href":"https:\/\/www.serdaroztop.com\/tr\/wp-json\/wp\/v2\/pages\/502\/revisions"}],"predecessor-version":[{"id":523,"href":"https:\/\/www.serdaroztop.com\/tr\/wp-json\/wp\/v2\/pages\/502\/revisions\/523"}],"up":[{"embeddable":true,"href":"https:\/\/www.serdaroztop.com\/tr\/wp-json\/wp\/v2\/pages\/53"}],"wp:attachment":[{"href":"https:\/\/www.serdaroztop.com\/tr\/wp-json\/wp\/v2\/media?parent=502"}],"curies":[{"name":"wp","href":"https:\/\/api.w.org\/{rel}","templated":true}]}}