{"id":53,"date":"2012-04-15T20:10:23","date_gmt":"2012-04-15T17:10:23","guid":{"rendered":"http:\/\/www.serdaroztop.com\/?page_id=53"},"modified":"2019-10-07T10:19:02","modified_gmt":"2019-10-07T07:19:02","slug":"oztopmusic","status":"publish","type":"page","link":"https:\/\/www.serdaroztop.com\/tr\/oztopmusic\/","title":{"rendered":"\u00d6ztop M\u00fczik"},"content":{"rendered":"<p><strong>\u00d6ztop M\u00fczik<\/strong>, bir <strong><a href=\"http:\/\/www.serdaroztop.com\/tr\/oztopmusic\/label\/\">plak firmas\u0131<\/a><\/strong> ve <strong><a href=\"http:\/\/www.serdaroztop.com\/tr\/oztopmusic\/studio\/\">ses kay\u0131t st\u00fcdyosu<\/a><\/strong> olarak 2002 y\u0131l\u0131ndan beri hizmet vermektedir. 2007 y\u0131l\u0131nda Be\u015fikta\u015f&#8217;taki adresinde hizmete ba\u015flayarak profesyonel ve amat\u00f6r t\u00fcm m\u00fczisyenlere kay\u0131t ve prova imkan\u0131 sa\u011flamaya ba\u015flam\u0131\u015ft\u0131r. Sekt\u00f6rdeki dengesizlikler ve ekonomik olumsuzluklar nedeniyle 2014-2018 y\u0131llar\u0131 aras\u0131nda faaliyetine ara vermi\u015f ve 2018 y\u0131l\u0131 itibariyle tekrar ayn\u0131 adreste yeni bir anlay\u0131\u015fla hizmete a\u00e7\u0131lm\u0131\u015ft\u0131r.<\/p>\n<p>Yeni anlay\u0131\u015f\u0131m\u0131z \u00e7er\u00e7evesinde, st\u00fcdyomuzda profesyonel kay\u0131t ve prova hizmetinin yan\u0131 s\u0131ra, <strong>A\u00e7\u0131k Sahne <\/strong>dinletileri, amat\u00f6r ve profesyonel m\u00fczisyenlerin bir arada m\u00fczik yaparak tan\u0131\u015fma f\u0131rsat\u0131 buldu\u011fu <strong>Jam Session <\/strong>g\u00fcnleri d\u00fczenlemekteyiz. Ayr\u0131ca st\u00fcdyomuzun <strong>kafe <\/strong>olarak d\u00fczenlenmi\u015f olan giri\u015f k\u0131sm\u0131nda, misafirlerimiz i\u00e7in dinlenme ve sohbet imkan\u0131 bulunmaktad\u0131r.<\/p>\n<p><strong>\u0130leti\u015fim:<\/strong><\/p>\n<p>Ihlamurdere <strong>Caddesi<\/strong> Meddah \u0130smet Sokak No:23\/C Be\u015fikta\u015f \u0130stanbul<\/p>\n<p>0(212)327 88 60<\/p>\n<p>0(555)327 88 60<\/p>\n","protected":false},"excerpt":{"rendered":"<p>\u00d6ztop M\u00fczik, bir plak firmas\u0131 ve ses kay\u0131t st\u00fcdyosu olarak 2002 y\u0131l\u0131ndan beri hizmet vermektedir. 2007 y\u0131l\u0131nda Be\u015fikta\u015f&#8217;taki adresinde hizmete ba\u015flayarak profesyonel ve amat\u00f6r t\u00fcm m\u00fczisyenlere kay\u0131t ve prova imkan\u0131 sa\u011flamaya ba\u015flam\u0131\u015ft\u0131r. Sekt\u00f6rdeki dengesizlikler ve ekonomik olumsuzluklar nedeniyle 2014-2018 y\u0131llar\u0131 aras\u0131nda faaliyetine ara vermi\u015f ve 2018 y\u0131l\u0131 itibariyle tekrar ayn\u0131 adreste yeni bir anlay\u0131\u015fla hizmete &hellip; <\/p>\n<p class=\"link-more\"><a href=\"https:\/\/www.serdaroztop.com\/tr\/oztopmusic\/\" class=\"more-link\">Okumaya devam et<span class=\"screen-reader-text\"> &#8220;\u00d6ztop M\u00fczik&#8221;<\/span><\/a><\/p>\n","protected":false},"author":1,"featured_media":0,"parent":0,"menu_order":0,"comment_status":"closed","ping_status":"closed","template":"","meta":{"footnotes":""},"class_list":["post-53","page","type-page","status-publish","hentry"],"jetpack_sharing_enabled":true,"jetpack_likes_enabled":true,"_links":{"self":[{"href":"https:\/\/www.serdaroztop.com\/tr\/wp-json\/wp\/v2\/pages\/53","targetHints":{"allow":["GET"]}}],"collection":[{"href":"https:\/\/www.serdaroztop.com\/tr\/wp-json\/wp\/v2\/pages"}],"about":[{"href":"https:\/\/www.serdaroztop.com\/tr\/wp-json\/wp\/v2\/types\/page"}],"author":[{"embeddable":true,"href":"https:\/\/www.serdaroztop.com\/tr\/wp-json\/wp\/v2\/users\/1"}],"replies":[{"embeddable":true,"href":"https:\/\/www.serdaroztop.com\/tr\/wp-json\/wp\/v2\/comments?post=53"}],"version-history":[{"count":38,"href":"https:\/\/www.serdaroztop.com\/tr\/wp-json\/wp\/v2\/pages\/53\/revisions"}],"predecessor-version":[{"id":1049,"href":"https:\/\/www.serdaroztop.com\/tr\/wp-json\/wp\/v2\/pages\/53\/revisions\/1049"}],"wp:attachment":[{"href":"https:\/\/www.serdaroztop.com\/tr\/wp-json\/wp\/v2\/media?parent=53"}],"curies":[{"name":"wp","href":"https:\/\/api.w.org\/{rel}","templated":true}]}}